{"id":16,"date":"2023-07-21T18:28:07","date_gmt":"2023-07-21T18:28:07","guid":{"rendered":"https:\/\/celerycraft.goldenlib.fr\/about\/"},"modified":"2024-11-21T23:46:39","modified_gmt":"2024-11-21T22:46:39","slug":"about","status":"publish","type":"page","link":"https:\/\/celerycraft.goldenlib.fr\/fr\/about\/","title":{"rendered":"\u00c0 propos"},"content":{"rendered":"<div class=\"wp-block-stackable-carousel stk-block-carousel stk--is-fade stk--arrows-justify-space-between stk--arrows-align-center stk-block stk-21399be\" data-slides-to-show=\"\" data-block-id=\"21399be\"><style>.stk-21399be {--transition-duration:1s !important;--button-offset:-100px !important;}.stk-21399be .stk-block-carousel__buttons{justify-content:space-between !important;align-items:center !important;}.stk-21399be .stk-block-carousel__button{background:transparent !important;fill:#0E313E !important;}.stk-21399be .stk-block-carousel__button:hover{background:#0E313E !important;fill:#FFFFFF !important;}.stk-21399be .stk-block-carousel__button svg.ugb-custom-icon :is(g, path, rect, polygon, ellipse){fill:#0E313E !important;}.stk-21399be .stk-block-carousel__button svg.ugb-custom-icon :is(g, path, rect, polygon, ellipse):hover{fill:#FFFFFF !important;}<\/style><div class=\"stk-block-carousel__content-wrapper\"><div class=\"stk-row stk-inner-blocks stk-block-content stk-block-carousel__slider-wrapper stk-content-align stk-21399be-column\"><div class=\"stk-block-carousel__slider\" role=\"list\" data-autoplay=\"4000\" data-label-slide-of=\"Slide %%d of %%d\">\n<div class=\"wp-block-stackable-column stk-block-column stk-column stk-block stk-374c7f9\" data-v=\"4\" data-block-id=\"374c7f9\"><div class=\"stk-column-wrapper stk-block-column__content stk-container stk-374c7f9-container stk--no-background stk--no-padding\"><div class=\"stk-block-content stk-inner-blocks stk-374c7f9-inner-blocks\">\n<figure class=\"wp-block-image size-large\"><img data-recalc-dims=\"1\" loading=\"lazy\" decoding=\"async\" width=\"1024\" height=\"542\" src=\"https:\/\/i0.wp.com\/celerycraft.goldenlib.fr\/wp-content\/uploads\/2023\/07\/2023-07-23_11.16.39.png?resize=1024%2C542&#038;ssl=1\" alt=\"\" class=\"wp-image-114\" srcset=\"https:\/\/i0.wp.com\/celerycraft.goldenlib.fr\/wp-content\/uploads\/2023\/07\/2023-07-23_11.16.39.png?resize=1024%2C542&amp;ssl=1 1024w, https:\/\/i0.wp.com\/celerycraft.goldenlib.fr\/wp-content\/uploads\/2023\/07\/2023-07-23_11.16.39.png?resize=300%2C159&amp;ssl=1 300w, https:\/\/i0.wp.com\/celerycraft.goldenlib.fr\/wp-content\/uploads\/2023\/07\/2023-07-23_11.16.39.png?resize=768%2C407&amp;ssl=1 768w, https:\/\/i0.wp.com\/celerycraft.goldenlib.fr\/wp-content\/uploads\/2023\/07\/2023-07-23_11.16.39.png?resize=1536%2C814&amp;ssl=1 1536w, https:\/\/i0.wp.com\/celerycraft.goldenlib.fr\/wp-content\/uploads\/2023\/07\/2023-07-23_11.16.39.png?resize=2048%2C1085&amp;ssl=1 2048w, https:\/\/i0.wp.com\/celerycraft.goldenlib.fr\/wp-content\/uploads\/2023\/07\/2023-07-23_11.16.39.png?w=3000&amp;ssl=1 3000w\" sizes=\"auto, (max-width: 1000px) 100vw, 1000px\" \/><\/figure>\n<\/div><\/div><\/div>\n\n\n\n<div class=\"wp-block-stackable-column stk-block-column stk-column stk-block stk-b12c395\" data-v=\"4\" data-block-id=\"b12c395\"><div class=\"stk-column-wrapper stk-block-column__content stk-container stk-b12c395-container stk--no-background stk--no-padding\"><div class=\"stk-block-content stk-inner-blocks stk-b12c395-inner-blocks\">\n<figure class=\"wp-block-image size-large\"><img data-recalc-dims=\"1\" loading=\"lazy\" decoding=\"async\" width=\"1024\" height=\"542\" src=\"https:\/\/i0.wp.com\/celerycraft.goldenlib.fr\/wp-content\/uploads\/2023\/07\/2023-07-23_11.24.09.png?resize=1024%2C542&#038;ssl=1\" alt=\"\" class=\"wp-image-115\" srcset=\"https:\/\/i0.wp.com\/celerycraft.goldenlib.fr\/wp-content\/uploads\/2023\/07\/2023-07-23_11.24.09.png?resize=1024%2C542&amp;ssl=1 1024w, https:\/\/i0.wp.com\/celerycraft.goldenlib.fr\/wp-content\/uploads\/2023\/07\/2023-07-23_11.24.09.png?resize=300%2C159&amp;ssl=1 300w, https:\/\/i0.wp.com\/celerycraft.goldenlib.fr\/wp-content\/uploads\/2023\/07\/2023-07-23_11.24.09.png?resize=768%2C407&amp;ssl=1 768w, https:\/\/i0.wp.com\/celerycraft.goldenlib.fr\/wp-content\/uploads\/2023\/07\/2023-07-23_11.24.09.png?resize=1536%2C814&amp;ssl=1 1536w, https:\/\/i0.wp.com\/celerycraft.goldenlib.fr\/wp-content\/uploads\/2023\/07\/2023-07-23_11.24.09.png?resize=2048%2C1085&amp;ssl=1 2048w, https:\/\/i0.wp.com\/celerycraft.goldenlib.fr\/wp-content\/uploads\/2023\/07\/2023-07-23_11.24.09.png?w=3000&amp;ssl=1 3000w\" sizes=\"auto, (max-width: 1000px) 100vw, 1000px\" \/><\/figure>\n<\/div><\/div><\/div>\n\n\n\n<div class=\"wp-block-stackable-column stk-block-column stk-column stk-block stk-78d00a7\" data-v=\"4\" data-block-id=\"78d00a7\"><div class=\"stk-column-wrapper stk-block-column__content stk-container stk-78d00a7-container stk--no-background stk--no-padding\"><div class=\"stk-block-content stk-inner-blocks stk-78d00a7-inner-blocks\">\n<figure class=\"wp-block-image size-large\"><img data-recalc-dims=\"1\" loading=\"lazy\" decoding=\"async\" width=\"1024\" height=\"542\" src=\"https:\/\/i0.wp.com\/celerycraft.goldenlib.fr\/wp-content\/uploads\/2023\/07\/2023-07-23_11.28.15.png?resize=1024%2C542&#038;ssl=1\" alt=\"\" class=\"wp-image-116\" srcset=\"https:\/\/i0.wp.com\/celerycraft.goldenlib.fr\/wp-content\/uploads\/2023\/07\/2023-07-23_11.28.15.png?resize=1024%2C542&amp;ssl=1 1024w, https:\/\/i0.wp.com\/celerycraft.goldenlib.fr\/wp-content\/uploads\/2023\/07\/2023-07-23_11.28.15.png?resize=300%2C159&amp;ssl=1 300w, https:\/\/i0.wp.com\/celerycraft.goldenlib.fr\/wp-content\/uploads\/2023\/07\/2023-07-23_11.28.15.png?resize=768%2C407&amp;ssl=1 768w, https:\/\/i0.wp.com\/celerycraft.goldenlib.fr\/wp-content\/uploads\/2023\/07\/2023-07-23_11.28.15.png?resize=1536%2C814&amp;ssl=1 1536w, https:\/\/i0.wp.com\/celerycraft.goldenlib.fr\/wp-content\/uploads\/2023\/07\/2023-07-23_11.28.15.png?resize=2048%2C1085&amp;ssl=1 2048w, https:\/\/i0.wp.com\/celerycraft.goldenlib.fr\/wp-content\/uploads\/2023\/07\/2023-07-23_11.28.15.png?w=3000&amp;ssl=1 3000w\" sizes=\"auto, (max-width: 1000px) 100vw, 1000px\" \/><\/figure>\n<\/div><\/div><\/div>\n\n\n\n<div class=\"wp-block-stackable-column stk-block-column stk-column stk-block stk-dd8dcb9\" data-v=\"4\" data-block-id=\"dd8dcb9\"><div class=\"stk-column-wrapper stk-block-column__content stk-container stk-dd8dcb9-container stk--no-background stk--no-padding\"><div class=\"stk-block-content stk-inner-blocks stk-dd8dcb9-inner-blocks\">\n<figure class=\"wp-block-image size-large\"><img data-recalc-dims=\"1\" loading=\"lazy\" decoding=\"async\" width=\"1024\" height=\"542\" src=\"https:\/\/i0.wp.com\/celerycraft.goldenlib.fr\/wp-content\/uploads\/2023\/07\/2023-07-23_11.31.09.png?resize=1024%2C542&#038;ssl=1\" alt=\"\" class=\"wp-image-117\" srcset=\"https:\/\/i0.wp.com\/celerycraft.goldenlib.fr\/wp-content\/uploads\/2023\/07\/2023-07-23_11.31.09.png?resize=1024%2C542&amp;ssl=1 1024w, https:\/\/i0.wp.com\/celerycraft.goldenlib.fr\/wp-content\/uploads\/2023\/07\/2023-07-23_11.31.09.png?resize=300%2C159&amp;ssl=1 300w, https:\/\/i0.wp.com\/celerycraft.goldenlib.fr\/wp-content\/uploads\/2023\/07\/2023-07-23_11.31.09.png?resize=768%2C407&amp;ssl=1 768w, https:\/\/i0.wp.com\/celerycraft.goldenlib.fr\/wp-content\/uploads\/2023\/07\/2023-07-23_11.31.09.png?resize=1536%2C814&amp;ssl=1 1536w, https:\/\/i0.wp.com\/celerycraft.goldenlib.fr\/wp-content\/uploads\/2023\/07\/2023-07-23_11.31.09.png?resize=2048%2C1085&amp;ssl=1 2048w, https:\/\/i0.wp.com\/celerycraft.goldenlib.fr\/wp-content\/uploads\/2023\/07\/2023-07-23_11.31.09.png?w=3000&amp;ssl=1 3000w\" sizes=\"auto, (max-width: 1000px) 100vw, 1000px\" \/><\/figure>\n<\/div><\/div><\/div>\n<\/div><div class=\"stk-block-carousel__buttons\"><button class=\"stk-block-carousel__button stk-block-carousel__button__prev\" aria-label=\"Previous slide\"><svg aria-hidden=\"true\" focusable=\"false\" data-prefix=\"fas\" data-icon=\"chevron-left\" class=\"svg-inline--fa fa-chevron-left\" xmlns=\"http:\/\/www.w3.org\/2000\/svg\" viewbox=\"0 0 320 512\" width=\"32\" height=\"32\"><path fill=\"currentColor\" d=\"M34.52 239.03L228.87 44.69c9.37-9.37 24.57-9.37 33.94 0l22.67 22.67c9.36 9.36 9.37 24.52.04 33.9L131.49 256l154.02 154.75c9.34 9.38 9.32 24.54-.04 33.9l-22.67 22.67c-9.37 9.37-24.57 9.37-33.94 0L34.52 272.97c-9.37-9.37-9.37-24.57 0-33.94z\"><\/path><\/svg><\/button><button class=\"stk-block-carousel__button stk-block-carousel__button__next\" aria-label=\"Next slide\"><svg aria-hidden=\"true\" focusable=\"false\" data-prefix=\"fas\" data-icon=\"chevron-right\" class=\"svg-inline--fa fa-chevron-right\" xmlns=\"http:\/\/www.w3.org\/2000\/svg\" viewbox=\"0 0 320 512\" width=\"32\" height=\"32\"><path fill=\"currentColor\" d=\"M285.476 272.971L91.132 467.314c-9.373 9.373-24.569 9.373-33.941 0l-22.667-22.667c-9.357-9.357-9.375-24.522-.04-33.901L188.505 256 34.484 101.255c-9.335-9.379-9.317-24.544.04-33.901l22.667-22.667c9.373-9.373 24.569-9.373 33.941 0L285.475 239.03c9.373 9.372 9.373 24.568.001 33.941z\"><\/path><\/svg><\/button><\/div><\/div><\/div><\/div>\n\n\n\n<h2 class=\"wp-block-heading\">Le serveur<\/h2>\n\n\n\n<p><strong>Bienvenue sur notre serveur Minecraft ultime, o\u00f9 l\u2019aventure et la cr\u00e9ativit\u00e9 se rencontrent pour offrir une exp\u00e9rience de jeu in\u00e9gal\u00e9e!\ud83c\udf1f<\/strong><\/p>\n\n\n\n<ul class=\"wp-block-list\">\n<li><strong>Mini-jeux palpitants: <\/strong>Plongez dans une vari\u00e9t\u00e9 de mini-jeux passionnants qui mettront vos comp\u00e9tences \u00e0 l\u2019\u00e9preuve. Que vous soyez un fan de PvP intense, de courses effr\u00e9n\u00e9es ou de puzzles c\u00e9r\u00e9braux, notre s\u00e9lection de mini-jeux est con\u00e7ue pour vous divertir et vous d\u00e9fier \u00e0 chaque instant.<\/li>\n\n\n\n<li><strong>Freebuild survie:<\/strong> Explorez un monde vaste et ouvert o\u00f9 la survie est la cl\u00e9. Rassemblez des ressources, construisez des abris et formez des alliances pour prosp\u00e9rer dans cet environnement impitoyable. Avec des m\u00e9caniques de jeu repens\u00e9es, chaque session de survie est unique et pleine de surprises.<\/li>\n\n\n\n<li><strong>Mode cr\u00e9atif: <\/strong>Lib\u00e9rez votre imagination dans notre mode cr\u00e9atif, o\u00f9 les seules limites sont celles de votre esprit. Construisez des structures monumentales, des paysages \u00e9poustouflants ou des \u0153uvres d\u2019art pixelis\u00e9es. Notre serveur offre tous les outils n\u00e9cessaires pour donner vie \u00e0 vos id\u00e9es les plus folles.<\/li>\n<\/ul>\n\n\n\n<p><strong>Notre serveur, anim\u00e9 par des administrateurs d\u00e9vou\u00e9s et comp\u00e9tents, assure une exp\u00e9rience de jeu fluide et sans faille. Nous mettons constamment \u00e0 jour notre serveur, ajoutant de nouvelles fonctionnalit\u00e9s tout en veillant \u00e0 ce que l\u2019\u00e9quilibre et le plaisir soient maintenus.<\/strong><\/p>\n\n\n\n<p>Alors, \u00eates-vous pr\u00eats \u00e0 \u00e9crire votre propre l\u00e9gende dans le monde de CeleryCraft ? Que l\u2019aventure commence !<\/p>","protected":false},"excerpt":{"rendered":"<p>The server Welcome to our ultimate Minecraft server, where adventure and creativity come together for an unparalleled gaming experience! \ud83c\udf1f Our dedicated and skilled administrators ensure a seamless gaming experience. We constantly update our server, adding new features while maintaining balance and fun. So, are you ready to write your own legend in the world [&hellip;]<\/p>\n","protected":false},"author":1,"featured_media":0,"parent":0,"menu_order":0,"comment_status":"closed","ping_status":"closed","template":"","meta":{"footnotes":""},"class_list":["post-16","page","type-page","status-publish","hentry"],"yoast_head":"<!-- This site is optimized with the Yoast SEO plugin v27.5 - https:\/\/yoast.com\/product\/yoast-seo-wordpress\/ -->\n<title>About - CeleryCraft<\/title>\n<meta name=\"description\" content=\"Learn more about us and how CeleryCraft can help you to unleash your creativity in survival and in minigames!\" \/>\n<meta name=\"robots\" content=\"index, follow, max-snippet:-1, max-image-preview:large, max-video-preview:-1\" \/>\n<link rel=\"canonical\" href=\"https:\/\/celerycraft.goldenlib.fr\/fr\/about\/\" \/>\n<meta property=\"og:locale\" content=\"fr_FR\" \/>\n<meta property=\"og:type\" content=\"article\" \/>\n<meta property=\"og:title\" content=\"About - CeleryCraft\" \/>\n<meta property=\"og:description\" content=\"Learn more about us and how CeleryCraft can help you to unleash your creativity in survival and in minigames!\" \/>\n<meta property=\"og:url\" content=\"https:\/\/celerycraft.goldenlib.fr\/fr\/about\/\" \/>\n<meta property=\"og:site_name\" content=\"CeleryCraft\" \/>\n<meta property=\"article:modified_time\" content=\"2024-11-21T22:46:39+00:00\" \/>\n<meta property=\"og:image\" content=\"https:\/\/celerycraft.goldenlib.fr\/wp-content\/uploads\/2023\/07\/2023-07-23_11.16.39-1024x542.png\" \/>\n<meta name=\"twitter:card\" content=\"summary_large_image\" \/>\n<meta name=\"twitter:label1\" content=\"Dur\u00e9e de lecture estim\u00e9e\" \/>\n\t<meta name=\"twitter:data1\" content=\"2 minutes\" \/>\n<script type=\"application\/ld+json\" class=\"yoast-schema-graph\">{\"@context\":\"https:\\\/\\\/schema.org\",\"@graph\":[{\"@type\":\"WebPage\",\"@id\":\"https:\\\/\\\/celerycraft.goldenlib.fr\\\/about\\\/\",\"url\":\"https:\\\/\\\/celerycraft.goldenlib.fr\\\/about\\\/\",\"name\":\"About - CeleryCraft\",\"isPartOf\":{\"@id\":\"https:\\\/\\\/celerycraft.goldenlib.fr\\\/#website\"},\"primaryImageOfPage\":{\"@id\":\"https:\\\/\\\/celerycraft.goldenlib.fr\\\/about\\\/#primaryimage\"},\"image\":{\"@id\":\"https:\\\/\\\/celerycraft.goldenlib.fr\\\/about\\\/#primaryimage\"},\"thumbnailUrl\":\"https:\\\/\\\/celerycraft.goldenlib.fr\\\/wp-content\\\/uploads\\\/2023\\\/07\\\/2023-07-23_11.16.39-1024x542.png\",\"datePublished\":\"2023-07-21T18:28:07+00:00\",\"dateModified\":\"2024-11-21T22:46:39+00:00\",\"description\":\"Learn more about us and how CeleryCraft can help you to unleash your creativity in survival and in minigames!\",\"breadcrumb\":{\"@id\":\"https:\\\/\\\/celerycraft.goldenlib.fr\\\/about\\\/#breadcrumb\"},\"inLanguage\":\"fr-FR\",\"potentialAction\":[{\"@type\":\"ReadAction\",\"target\":[\"https:\\\/\\\/celerycraft.goldenlib.fr\\\/about\\\/\"]}]},{\"@type\":\"ImageObject\",\"inLanguage\":\"fr-FR\",\"@id\":\"https:\\\/\\\/celerycraft.goldenlib.fr\\\/about\\\/#primaryimage\",\"url\":\"https:\\\/\\\/celerycraft.goldenlib.fr\\\/wp-content\\\/uploads\\\/2023\\\/07\\\/2023-07-23_11.16.39-1024x542.png\",\"contentUrl\":\"https:\\\/\\\/celerycraft.goldenlib.fr\\\/wp-content\\\/uploads\\\/2023\\\/07\\\/2023-07-23_11.16.39-1024x542.png\"},{\"@type\":\"BreadcrumbList\",\"@id\":\"https:\\\/\\\/celerycraft.goldenlib.fr\\\/about\\\/#breadcrumb\",\"itemListElement\":[{\"@type\":\"ListItem\",\"position\":1,\"name\":\"Home\",\"item\":\"https:\\\/\\\/celerycraft.goldenlib.fr\\\/\"},{\"@type\":\"ListItem\",\"position\":2,\"name\":\"About\"}]},{\"@type\":\"WebSite\",\"@id\":\"https:\\\/\\\/celerycraft.goldenlib.fr\\\/#website\",\"url\":\"https:\\\/\\\/celerycraft.goldenlib.fr\\\/\",\"name\":\"CeleryCraft\",\"description\":\"The awsome minecraft server\",\"publisher\":{\"@id\":\"https:\\\/\\\/celerycraft.goldenlib.fr\\\/#organization\"},\"potentialAction\":[{\"@type\":\"SearchAction\",\"target\":{\"@type\":\"EntryPoint\",\"urlTemplate\":\"https:\\\/\\\/celerycraft.goldenlib.fr\\\/?s={search_term_string}\"},\"query-input\":{\"@type\":\"PropertyValueSpecification\",\"valueRequired\":true,\"valueName\":\"search_term_string\"}}],\"inLanguage\":\"fr-FR\"},{\"@type\":\"Organization\",\"@id\":\"https:\\\/\\\/celerycraft.goldenlib.fr\\\/#organization\",\"name\":\"CeleryCraft\",\"alternateName\":\"Celery Craft Minecraft\",\"url\":\"https:\\\/\\\/celerycraft.goldenlib.fr\\\/\",\"logo\":{\"@type\":\"ImageObject\",\"inLanguage\":\"fr-FR\",\"@id\":\"https:\\\/\\\/celerycraft.goldenlib.fr\\\/#\\\/schema\\\/logo\\\/image\\\/\",\"url\":\"https:\\\/\\\/i0.wp.com\\\/celerycraft.goldenlib.fr\\\/wp-content\\\/uploads\\\/2023\\\/07\\\/Logo-celery.png?fit=1536%2C1536&ssl=1\",\"contentUrl\":\"https:\\\/\\\/i0.wp.com\\\/celerycraft.goldenlib.fr\\\/wp-content\\\/uploads\\\/2023\\\/07\\\/Logo-celery.png?fit=1536%2C1536&ssl=1\",\"width\":1536,\"height\":1536,\"caption\":\"CeleryCraft\"},\"image\":{\"@id\":\"https:\\\/\\\/celerycraft.goldenlib.fr\\\/#\\\/schema\\\/logo\\\/image\\\/\"},\"sameAs\":[\"https:\\\/\\\/fr.namemc.com\\\/server\\\/play.celerycraft.goldenlib.fr\"]}]}<\/script>\n<!-- \/ Yoast SEO plugin. -->","yoast_head_json":{"title":"About - CeleryCraft","description":"Learn more about us and how CeleryCraft can help you to unleash your creativity in survival and in minigames!","robots":{"index":"index","follow":"follow","max-snippet":"max-snippet:-1","max-image-preview":"max-image-preview:large","max-video-preview":"max-video-preview:-1"},"canonical":"https:\/\/celerycraft.goldenlib.fr\/fr\/about\/","og_locale":"fr_FR","og_type":"article","og_title":"About - CeleryCraft","og_description":"Learn more about us and how CeleryCraft can help you to unleash your creativity in survival and in minigames!","og_url":"https:\/\/celerycraft.goldenlib.fr\/fr\/about\/","og_site_name":"CeleryCraft","article_modified_time":"2024-11-21T22:46:39+00:00","og_image":[{"url":"https:\/\/celerycraft.goldenlib.fr\/wp-content\/uploads\/2023\/07\/2023-07-23_11.16.39-1024x542.png","type":"","width":"","height":""}],"twitter_card":"summary_large_image","twitter_misc":{"Dur\u00e9e de lecture estim\u00e9e":"2 minutes"},"schema":{"@context":"https:\/\/schema.org","@graph":[{"@type":"WebPage","@id":"https:\/\/celerycraft.goldenlib.fr\/about\/","url":"https:\/\/celerycraft.goldenlib.fr\/about\/","name":"About - CeleryCraft","isPartOf":{"@id":"https:\/\/celerycraft.goldenlib.fr\/#website"},"primaryImageOfPage":{"@id":"https:\/\/celerycraft.goldenlib.fr\/about\/#primaryimage"},"image":{"@id":"https:\/\/celerycraft.goldenlib.fr\/about\/#primaryimage"},"thumbnailUrl":"https:\/\/celerycraft.goldenlib.fr\/wp-content\/uploads\/2023\/07\/2023-07-23_11.16.39-1024x542.png","datePublished":"2023-07-21T18:28:07+00:00","dateModified":"2024-11-21T22:46:39+00:00","description":"Learn more about us and how CeleryCraft can help you to unleash your creativity in survival and in minigames!","breadcrumb":{"@id":"https:\/\/celerycraft.goldenlib.fr\/about\/#breadcrumb"},"inLanguage":"fr-FR","potentialAction":[{"@type":"ReadAction","target":["https:\/\/celerycraft.goldenlib.fr\/about\/"]}]},{"@type":"ImageObject","inLanguage":"fr-FR","@id":"https:\/\/celerycraft.goldenlib.fr\/about\/#primaryimage","url":"https:\/\/celerycraft.goldenlib.fr\/wp-content\/uploads\/2023\/07\/2023-07-23_11.16.39-1024x542.png","contentUrl":"https:\/\/celerycraft.goldenlib.fr\/wp-content\/uploads\/2023\/07\/2023-07-23_11.16.39-1024x542.png"},{"@type":"BreadcrumbList","@id":"https:\/\/celerycraft.goldenlib.fr\/about\/#breadcrumb","itemListElement":[{"@type":"ListItem","position":1,"name":"Home","item":"https:\/\/celerycraft.goldenlib.fr\/"},{"@type":"ListItem","position":2,"name":"About"}]},{"@type":"WebSite","@id":"https:\/\/celerycraft.goldenlib.fr\/#website","url":"https:\/\/celerycraft.goldenlib.fr\/","name":"CeleryCraft","description":"The awsome minecraft server","publisher":{"@id":"https:\/\/celerycraft.goldenlib.fr\/#organization"},"potentialAction":[{"@type":"SearchAction","target":{"@type":"EntryPoint","urlTemplate":"https:\/\/celerycraft.goldenlib.fr\/?s={search_term_string}"},"query-input":{"@type":"PropertyValueSpecification","valueRequired":true,"valueName":"search_term_string"}}],"inLanguage":"fr-FR"},{"@type":"Organization","@id":"https:\/\/celerycraft.goldenlib.fr\/#organization","name":"CeleryCraft","alternateName":"Celery Craft Minecraft","url":"https:\/\/celerycraft.goldenlib.fr\/","logo":{"@type":"ImageObject","inLanguage":"fr-FR","@id":"https:\/\/celerycraft.goldenlib.fr\/#\/schema\/logo\/image\/","url":"https:\/\/i0.wp.com\/celerycraft.goldenlib.fr\/wp-content\/uploads\/2023\/07\/Logo-celery.png?fit=1536%2C1536&ssl=1","contentUrl":"https:\/\/i0.wp.com\/celerycraft.goldenlib.fr\/wp-content\/uploads\/2023\/07\/Logo-celery.png?fit=1536%2C1536&ssl=1","width":1536,"height":1536,"caption":"CeleryCraft"},"image":{"@id":"https:\/\/celerycraft.goldenlib.fr\/#\/schema\/logo\/image\/"},"sameAs":["https:\/\/fr.namemc.com\/server\/play.celerycraft.goldenlib.fr"]}]}},"jetpack_sharing_enabled":true,"jetpack-related-posts":[],"_links":{"self":[{"href":"https:\/\/celerycraft.goldenlib.fr\/fr\/wp-json\/wp\/v2\/pages\/16","targetHints":{"allow":["GET"]}}],"collection":[{"href":"https:\/\/celerycraft.goldenlib.fr\/fr\/wp-json\/wp\/v2\/pages"}],"about":[{"href":"https:\/\/celerycraft.goldenlib.fr\/fr\/wp-json\/wp\/v2\/types\/page"}],"author":[{"embeddable":true,"href":"https:\/\/celerycraft.goldenlib.fr\/fr\/wp-json\/wp\/v2\/users\/1"}],"replies":[{"embeddable":true,"href":"https:\/\/celerycraft.goldenlib.fr\/fr\/wp-json\/wp\/v2\/comments?post=16"}],"version-history":[{"count":6,"href":"https:\/\/celerycraft.goldenlib.fr\/fr\/wp-json\/wp\/v2\/pages\/16\/revisions"}],"predecessor-version":[{"id":204,"href":"https:\/\/celerycraft.goldenlib.fr\/fr\/wp-json\/wp\/v2\/pages\/16\/revisions\/204"}],"wp:attachment":[{"href":"https:\/\/celerycraft.goldenlib.fr\/fr\/wp-json\/wp\/v2\/media?parent=16"}],"curies":[{"name":"wp","href":"https:\/\/api.w.org\/{rel}","templated":true}]}}